{"id":165,"date":"2017-07-06T18:46:08","date_gmt":"2017-07-06T18:46:08","guid":{"rendered":"http:\/\/www.asometal.com\/aso\/?page_id=165"},"modified":"2017-10-31T16:09:00","modified_gmt":"2017-10-31T16:09:00","slug":"eventos","status":"publish","type":"page","link":"http:\/\/www.asometal.com\/aso\/eventos\/","title":{"rendered":"Eventos"},"content":{"rendered":"<div id=\"pl-165\"  class=\"panel-layout\" ><div id=\"pg-165-0\"  class=\"panel-grid panel-no-style\" ><div id=\"pgc-165-0-0\"  class=\"panel-grid-cell\" ><div id=\"panel-165-0-0-0\" class=\"so-panel widget widget_sow-editor panel-first-child panel-last-child\" data-index=\"0\" ><div class=\"so-widget-sow-editor so-widget-sow-editor-base\">\n<div class=\"siteorigin-widget-tinymce textwidget\">\n\t<p><a href=\"http:\/\/www.asometal.com\/aso\/wp-content\/uploads\/2017\/07\/logo-congreso.png\"><img loading=\"lazy\" class=\"size-full wp-image-389 aligncenter\" src=\"http:\/\/www.asometal.com\/aso\/wp-content\/uploads\/2017\/07\/logo-congreso.png\" alt=\"\" width=\"449\" height=\"178\" srcset=\"http:\/\/www.asometal.com\/aso\/wp-content\/uploads\/2017\/07\/logo-congreso.png 449w, http:\/\/www.asometal.com\/aso\/wp-content\/uploads\/2017\/07\/logo-congreso-300x119.png 300w, http:\/\/www.asometal.com\/aso\/wp-content\/uploads\/2017\/07\/logo-congreso-150x59.png 150w\" sizes=\"(max-width: 449px) 100vw, 449px\" \/><\/a><\/p>\n<\/div>\n<\/div><\/div><\/div><\/div><div id=\"pg-165-1\"  class=\"panel-grid panel-no-style\" ><div id=\"pgc-165-1-0\"  class=\"panel-grid-cell\" ><div id=\"panel-165-1-0-0\" class=\"so-panel widget widget_sow-editor panel-first-child panel-last-child\" data-index=\"1\" ><div class=\"so-widget-sow-editor so-widget-sow-editor-base\"><h3 class=\"widget-title\">Charlas Magistrales: Sal\u00f3n San Juan de Dios<\/h3>\n<div class=\"siteorigin-widget-tinymce textwidget\">\n\t<p><a href=\"http:\/\/www.asometal.com\/aso\/wp-content\/uploads\/2017\/10\/1.CINDE-Industria-medica.pdf\"><strong>Industria m\u00e9dica: expectativas respecto al sector metalmec\u00e1nico en el mediano y largo plazo-CINDE<\/strong><\/a><\/p>\n<p><a href=\"http:\/\/www.asometal.com\/aso\/wp-content\/uploads\/2017\/10\/2.Formato-Fibras-Dramix-Estandar-B.pdf\"><strong>Dramix: Uso de metales en manufactura avanzada-Bekaert<\/strong><\/a><\/p>\n<p><a href=\"http:\/\/www.asometal.com\/aso\/wp-content\/uploads\/2017\/10\/3.Normalizacion-en-el-sector-metalmecanico.pdf\"><strong>Normalizaci\u00f3n en el sector metalmec\u00e1nico costarricense: estado, avances y propuestas-INTECO<\/strong><\/a><\/p>\n<p><a href=\"http:\/\/www.asometal.com\/aso\/wp-content\/uploads\/2017\/10\/4.PRAXAIR-Seleccion-de-gases-industriales-para-procesos-de-metalmecanica.pdf\"><strong>Elecci\u00f3n \u00f3ptima de gases industriales para procesos de metalmec\u00e1nica-PRAXAIR<\/strong><\/a><\/p>\n<p><a href=\"http:\/\/www.asometal.com\/aso\/wp-content\/uploads\/2017\/10\/5.INA-Calidad-Productividad.pdf\"><strong>La integraci\u00f3n Calidad-Productividad en los procesos de un taller metalmec\u00e1nico-INA<\/strong><\/a><\/p>\n<p><a href=\"http:\/\/www.asometal.com\/aso\/wp-content\/uploads\/2017\/10\/6.MAREC-Combustion.pdf\"><strong>Actualizaci\u00f3n tecnol\u00f3gica en la industria metalmec\u00e1nica-MAREC<\/strong><\/a><\/p>\n<p><a href=\"http:\/\/www.asometal.com\/aso\/wp-content\/uploads\/2017\/10\/7.Aceros-Vargas-Tendencias-actuales-de-los-tratamientos-Termicos-y-Termoquimicos-de-los-Aceros.pdf\"><strong>Tendencias de\u00a0 tratamiento t\u00e9rmico en la manufactura-Aceros Vargas<\/strong><\/a><\/p>\n<p><a href=\"http:\/\/www.asometal.com\/aso\/wp-content\/uploads\/2017\/10\/8.KYOCERA-Adelantos-Significativos-y-Tecnologias-de-Mecanizado.pdf\"><strong>Adelantos significativos en procesos y tecnolog\u00edas de mecanizado: fresado, torno, CNC, etc.-KYOCERA<\/strong><\/a><\/p>\n<p><a href=\"http:\/\/www.asometal.com\/aso\/wp-content\/uploads\/2017\/10\/9.SUR-Mantenimiento-predictivo-y-correctivo-de-metales.pdf\"><strong>Mantenimiento predictivo y correctivo de metales: protecci\u00f3n ante el desgaste, corrosi\u00f3n y degradaci\u00f3n-Sur Qu\u00edmica<\/strong><\/a><\/p>\n<\/div>\n<\/div><\/div><\/div><div id=\"pgc-165-1-1\"  class=\"panel-grid-cell\" ><div id=\"panel-165-1-1-0\" class=\"so-panel widget widget_sow-editor panel-first-child panel-last-child\" data-index=\"2\" ><div class=\"so-widget-sow-editor so-widget-sow-editor-base\"><h3 class=\"widget-title\">Sesiones Demostrativas: Sal\u00f3n El Mercado<\/h3>\n<div class=\"siteorigin-widget-tinymce textwidget\">\n\t<p><a href=\"http:\/\/www.asometal.com\/aso\/wp-content\/uploads\/2017\/10\/1.Veritas-METALMECANICA-3D.pdf\">Impresi\u00f3n 3D en la industria metalmec\u00e1nica-Veritas<\/a><\/p>\n<p><a href=\"http:\/\/www.asometal.com\/aso\/wp-content\/uploads\/2017\/10\/2.CENSOLSA.pdf\">Tendencias en corte por plasma-CENSOLSA<\/a><\/p>\n<p><a href=\"http:\/\/www.asometal.com\/aso\/wp-content\/uploads\/2017\/10\/3.3M.pdf\">Innovaciones en sistemas abrasivos y sus aplicaciones-3M<\/a><\/p>\n<p><a href=\"http:\/\/www.asometal.com\/aso\/wp-content\/uploads\/2017\/10\/4.PRAXAIR-Seguridad-en-OxiAcetileno-y-Soldadura.pdf\">Seguridad en Oxicorte y Soldadura-PRAXAIR<\/a><\/p>\n<p>\u00a0<\/p>\n<\/div>\n<\/div><\/div><\/div><\/div><\/div>","protected":false},"excerpt":{"rendered":"<p>Industria m\u00e9dica: expectativas respecto al sector metalmec\u00e1nico en el mediano y largo plazo-CINDEDramix: Uso de metales en manufactura avanzada-BekaertNormalizaci\u00f3n en el sector metalmec\u00e1nico costarricense: estado, avances y propuestas-INTECOElecci\u00f3n \u00f3ptima de gases industriales para procesos de metalmec\u00e1nica-PRAXAIRLa integraci\u00f3n Calidad-Productividad en los procesos de un taller metalmec\u00e1nico-INAActualizaci\u00f3n tecnol\u00f3gica en la industria metalmec\u00e1nica-MARECTendencias de\u00a0 tratamiento t\u00e9rmico en la [&hellip;]<\/p>\n","protected":false},"author":1,"featured_media":0,"parent":0,"menu_order":0,"comment_status":"closed","ping_status":"closed","template":"","meta":[],"_links":{"self":[{"href":"http:\/\/www.asometal.com\/aso\/wp-json\/wp\/v2\/pages\/165"}],"collection":[{"href":"http:\/\/www.asometal.com\/aso\/wp-json\/wp\/v2\/pages"}],"about":[{"href":"http:\/\/www.asometal.com\/aso\/wp-json\/wp\/v2\/types\/page"}],"author":[{"embeddable":true,"href":"http:\/\/www.asometal.com\/aso\/wp-json\/wp\/v2\/users\/1"}],"replies":[{"embeddable":true,"href":"http:\/\/www.asometal.com\/aso\/wp-json\/wp\/v2\/comments?post=165"}],"version-history":[{"count":38,"href":"http:\/\/www.asometal.com\/aso\/wp-json\/wp\/v2\/pages\/165\/revisions"}],"predecessor-version":[{"id":471,"href":"http:\/\/www.asometal.com\/aso\/wp-json\/wp\/v2\/pages\/165\/revisions\/471"}],"wp:attachment":[{"href":"http:\/\/www.asometal.com\/aso\/wp-json\/wp\/v2\/media?parent=165"}],"curies":[{"name":"wp","href":"https:\/\/api.w.org\/{rel}","templated":true}]}}