{"id":344,"date":"2017-07-21T17:34:49","date_gmt":"2017-07-21T17:34:49","guid":{"rendered":"http:\/\/www.asometal.com\/aso\/?page_id=344"},"modified":"2017-07-21T18:14:58","modified_gmt":"2017-07-21T18:14:58","slug":"novedades","status":"publish","type":"page","link":"http:\/\/www.asometal.com\/aso\/novedades\/","title":{"rendered":"Novedades"},"content":{"rendered":"<div id=\"pl-344\"  class=\"panel-layout\" ><div id=\"pg-344-0\"  class=\"panel-grid panel-no-style\" ><div id=\"pgc-344-0-0\"  class=\"panel-grid-cell\" ><div id=\"panel-344-0-0-0\" class=\"so-panel widget widget_category-posts cat-post-widget panel-first-child panel-last-child\" data-index=\"0\" ><ul id=\"category-posts-1-internal\" class=\"category-posts-internal\">\n<li class='cat-post-item'><div><a class=\"cat-post-title\" href=\"http:\/\/www.asometal.com\/aso\/uncategorized\/produccion-de-aceros-laminados-en-caliente-en-costa-rica\/\" rel=\"bookmark\">Producci\u00f3n de aceros laminados en caliente en Costa Rica<\/a><\/div><\/li><li class='cat-post-item'><div><a class=\"cat-post-title\" href=\"http:\/\/www.asometal.com\/aso\/boletines\/cobre-el-primer-material-bactericida-del-mundo\/\" rel=\"bookmark\">Cobre el primer material bactericida del mundo<\/a><\/div><\/li><li class='cat-post-item'><div><a class=\"cat-post-title\" href=\"http:\/\/www.asometal.com\/aso\/uncategorized\/caracterizacion-de-la-industria-metalmecanica-en-costa-rica\/\" rel=\"bookmark\">Caracterizaci\u00f3n de la industria metalmec\u00e1nica en Costa Rica<\/a><\/div><\/li><li class='cat-post-item'><div><a class=\"cat-post-title\" href=\"http:\/\/www.asometal.com\/aso\/uncategorized\/perfil-estadistico-del-sector-metalmecanico-costarricense\/\" rel=\"bookmark\">Perfil estad\u00edstico del sector metalmec\u00e1nico costarricense<\/a><\/div><\/li><li class='cat-post-item'><div><a class=\"cat-post-title\" href=\"http:\/\/www.asometal.com\/aso\/uncategorized\/informe-encuesta-asometal\/\" rel=\"bookmark\">Informe encuesta ASOMETAL<\/a><\/div><\/li><li class='cat-post-item'><div><a class=\"cat-post-title\" href=\"http:\/\/www.asometal.com\/aso\/boletines\/boletin-informativo-mayo\/\" rel=\"bookmark\">Bolet\u00edn Informativo &#8211; Mayo 2017<\/a><\/div><\/li><li class='cat-post-item'><div><a class=\"cat-post-title\" href=\"http:\/\/www.asometal.com\/aso\/boletines\/boletin-informativo-abril-2017\/\" rel=\"bookmark\">Bolet\u00edn Informativo &#8211; Abril 2017<\/a><\/div><\/li><\/ul>\n<\/div><\/div><\/div><\/div>","protected":false},"excerpt":{"rendered":"<p>\u00bfSabe usted c\u00f3mo funciona ASOMETAL? La Asociaci\u00f3n de Fabricantes Metalmec\u00e1nicos y Metal\u00fargicos de Costa Rica (ASOMETAL) trabaja por el desarrollo de las empresas de metalmec\u00e1nica asociadas a la C\u00e1mara de Industrias de Costa Rica (CICR). Lo anterior gracias a un convenio de colaboraci\u00f3n establecido entre ambos. ASOMETAL est\u00e1 conformado por una Junta Directiva de 5 [&hellip;]<\/p>\n","protected":false},"author":1,"featured_media":0,"parent":0,"menu_order":0,"comment_status":"closed","ping_status":"closed","template":"","meta":[],"_links":{"self":[{"href":"http:\/\/www.asometal.com\/aso\/wp-json\/wp\/v2\/pages\/344"}],"collection":[{"href":"http:\/\/www.asometal.com\/aso\/wp-json\/wp\/v2\/pages"}],"about":[{"href":"http:\/\/www.asometal.com\/aso\/wp-json\/wp\/v2\/types\/page"}],"author":[{"embeddable":true,"href":"http:\/\/www.asometal.com\/aso\/wp-json\/wp\/v2\/users\/1"}],"replies":[{"embeddable":true,"href":"http:\/\/www.asometal.com\/aso\/wp-json\/wp\/v2\/comments?post=344"}],"version-history":[{"count":9,"href":"http:\/\/www.asometal.com\/aso\/wp-json\/wp\/v2\/pages\/344\/revisions"}],"predecessor-version":[{"id":358,"href":"http:\/\/www.asometal.com\/aso\/wp-json\/wp\/v2\/pages\/344\/revisions\/358"}],"wp:attachment":[{"href":"http:\/\/www.asometal.com\/aso\/wp-json\/wp\/v2\/media?parent=344"}],"curies":[{"name":"wp","href":"https:\/\/api.w.org\/{rel}","templated":true}]}}