{"id":57,"date":"2017-07-06T16:06:50","date_gmt":"2017-07-06T16:06:50","guid":{"rendered":"http:\/\/www.asometal.com\/aso\/?page_id=57"},"modified":"2021-02-15T18:57:30","modified_gmt":"2021-02-15T18:57:30","slug":"organizacion","status":"publish","type":"page","link":"http:\/\/www.asometal.com\/aso\/organizacion\/","title":{"rendered":"Organizaci\u00f3n"},"content":{"rendered":"<div id=\"pl-57\"  class=\"panel-layout\" ><div id=\"pg-57-0\"  class=\"panel-grid panel-no-style\" ><div id=\"pgc-57-0-0\"  class=\"panel-grid-cell\" ><div id=\"panel-57-0-0-0\" class=\"so-panel widget widget_text panel-first-child panel-last-child\" data-index=\"0\" ><div class=\"panel-widget-style panel-widget-style-for-57-0-0-0\" ><h3 class=\"widget-title\">Junta Directiva<\/h3>\t\t\t<div class=\"textwidget\"><table border=\"1\">\n<tbody>\n<tr>\n<td style=\"width: 177px; font-weight: bold;\">Puesto<\/td>\n<td style=\"width: 243px; font-weight: bold;\">Nombre<\/td>\n<td style=\"width: 332px; font-weight: bold;\">Tel\u00e9fonos<\/td>\n<td style=\"width: 336px; font-weight: bold;\">Empresa<\/td>\n<td style=\"width: 428px; font-weight: bold;\">Correo Electr\u00f3nico<\/td>\n<\/tr>\n<tr>\n<td style=\"width: 177px;\">Presidente<\/td>\n<td style=\"width: 243px;\">Manfred Pazos<\/td>\n<td style=\"width: 332px;\">2204-7356<\/td>\n<td style=\"width: 336px;\">METALCO<\/td>\n<td style=\"width: 428px;\">wendy.montero@bekaert.com<\/td>\n<\/tr>\n<tr>\n<td style=\"width: 177px;\">Vicepresidente<\/td>\n<td style=\"width: 243px;\">David C\u00e9spedes<\/td>\n<td style=\"width: 332px;\">8841-5427<\/td>\n<td style=\"width: 336px;\">RECTIFICACI\u00d3N ALAJUELENSE<\/td>\n<td style=\"width: 428px;\">dcespedes@rectificacionalajuelense.com<\/td>\n<\/tr>\n<tr>\n<td style=\"width: 177px;\">Tesorero<\/td>\n<td style=\"width: 243px;\">Diego Valerio<\/td>\n<td style=\"width: 332px;\">2205-8900<\/td>\n<td style=\"width: 336px;\">ARCELORMITTAL<\/td>\n<td style=\"width: 428px;\">diego.valerio@arcelormittal.com<\/td>\n<\/tr>\n<tr>\n<td style=\"width: 177px;\">Secretario<\/td>\n<td style=\"width: 243px;\">Antonio Tous<\/td>\n<td style=\"width: 332px;\">2296-9560 \/ 8385-3817<\/td>\n<td style=\"width: 336px;\">CENSOLSA<\/td>\n<td style=\"width: 428px;\">atous@censolsa.com<\/td>\n<\/tr>\n<tr>\n<td style=\"width: 177px;\">Fiscal<\/td>\n<td style=\"width: 243px;\">Keyth Rojas<\/td>\n<td style=\"width: 332px;\">2256-1784 \/ 8328-4579<\/td>\n<td style=\"width: 336px;\">COPRE LTDA<\/td>\n<td style=\"width: 428px;\">keyth.rojas@copre.co.cr<\/td>\n<\/tr>\n<\/tbody>\n<\/table>\n<\/div>\n\t\t<\/div><\/div><\/div><\/div><div id=\"pg-57-1\"  class=\"panel-grid panel-has-style\" ><div class=\"panel-row-style panel-row-style-for-57-1\" ><div id=\"pgc-57-1-0\"  class=\"panel-grid-cell\" ><div id=\"panel-57-1-0-0\" class=\"so-panel widget widget_media_image panel-first-child panel-last-child\" data-index=\"1\" ><div class=\"panel-widget-style panel-widget-style-for-57-1-0-0\" ><img width=\"300\" height=\"225\" src=\"http:\/\/www.asometal.com\/aso\/wp-content\/uploads\/2017\/07\/JDASOMETAL.pg_-300x225.jpg\" class=\"image wp-image-61  attachment-medium size-medium\" alt=\"\" loading=\"lazy\" style=\"max-width: 100%; height: auto;\" srcset=\"http:\/\/www.asometal.com\/aso\/wp-content\/uploads\/2017\/07\/JDASOMETAL.pg_-300x225.jpg 300w, http:\/\/www.asometal.com\/aso\/wp-content\/uploads\/2017\/07\/JDASOMETAL.pg_-150x113.jpg 150w, http:\/\/www.asometal.com\/aso\/wp-content\/uploads\/2017\/07\/JDASOMETAL.pg_.jpg 400w\" sizes=\"(max-width: 300px) 100vw, 300px\" \/><\/div><\/div><\/div><div id=\"pgc-57-1-1\"  class=\"panel-grid-cell\" ><div id=\"panel-57-1-1-0\" class=\"so-panel widget widget_text panel-first-child panel-last-child\" data-index=\"2\" ><div class=\"panel-widget-style panel-widget-style-for-57-1-1-0\" >\t\t\t<div class=\"textwidget\"><div id=\"accordions-65\" class=\"accordions-65 accordions\">\r\n                <style type='text\/css'>\r\n        @media only screen and (min-width: 1024px ){\r\n            #accordions-65 {\r\n                            width: 100%;\r\n                        }\r\n        }\r\n        @media only screen and ( min-width: 768px ) and ( max-width: 1023px ) {\r\n            #accordions-65 {\r\n                            width: 100%;\r\n                        }\r\n        }\r\n        @media only screen and ( min-width: 0px ) and ( max-width: 767px ){\r\n            #accordions-65 {\r\n                            width: 100%;\r\n                        }\r\n        }\r\n        #accordions-65 {\r\n                            text-align: left;\r\n                                                position: relative;\r\n        }\r\n        #accordions-65 .accordions-head{\r\n                    background:#898989 none repeat scroll 0 0;\r\n                                    outline: none;\r\n        }\r\n        #accordions-65 .accordions-head-title{\r\n                            color:#ffffff;\r\n                            font-size:14px;\r\n                }\r\n        #accordions-65 .accordions-head-title-toggle{\r\n                    color:#ffffff;\r\n                            font-size:14px;\r\n                }\r\n        #accordions-65 .accordions-head:hover .accordions-head-title{\r\n                    color:#ffffff;\r\n                }\r\n        #accordions-65 .ui-state-active{\r\n                    background: #898989;\r\n                    border: none;\r\n        }\r\n        #accordions-65 .accordion-content{\r\n                                    color:#333333;\r\n                            font-size:13px;\r\n                                    border: none;\r\n        }\r\n        #accordions-65 .accordion-icons{\r\n                        color:#565656;\r\n                                                                        margin:0px;\r\n                    }\r\n        #accordions-65 .accordions-head:hover .accordion-icons span{\r\n                    }\r\n        #accordions-65{}\r\n#accordions-65 .accordions-head{}\r\n#accordions-65 .accordion-content{}    <\/style>\r\n    <div class=\"items\">\r\n                        <div post_id=\"65\" itemcount=\"0\" header_id=\"header-0\" id=\"header-0\" style=\"\" class=\"accordions-head head0 border-none\" toggle-text=\"\" main-text=\"Misi\u00f3n\">\r\n                                            <span id=\"accordion-icons-0\" class=\"accordion-icons\">\r\n                            <span class=\"accordion-icon-active accordion-plus\"><i class=\"fa fa-chevron-up\"><\/i><\/span>\r\n                            <span class=\"accordion-icon-inactive accordion-minus\"><i class=\"fa fa-chevron-down\"><\/i><\/span>\r\n                        <\/span>\r\n                        <span id=\"header-text-0\" class=\"accordions-head-title\">Misi\u00f3n<\/span>\r\n                                        <\/div>\r\n                <div class=\"accordion-content content0 \">\r\n                    <p>Impulsar el desarrollo y competitividad del sector mediante soluciones que permitan:<\/p>\n<ul>\n<li>El Mejoramiento de la Calidad<\/li>\n<li>La representatividad de sus miembros<\/li>\n<li>Promover la capacitaci\u00f3n especializada<\/li>\n<li>Apoyar el acceso al Financiamiento<\/li>\n<li>Facilitar la informaci\u00f3n y comunicaci\u00f3n<\/li>\n<li>Promover el encadenamiento empresarial<\/li>\n<\/ul>\n                <\/div>\r\n                                <div post_id=\"65\" itemcount=\"1\" header_id=\"header-1499358497630\" id=\"header-1499358497630\" style=\"\" class=\"accordions-head head1499358497630 border-none\" toggle-text=\"\" main-text=\"Visi\u00f3n\">\r\n                                            <span id=\"accordion-icons-1499358497630\" class=\"accordion-icons\">\r\n                            <span class=\"accordion-icon-active accordion-plus\"><i class=\"fa fa-chevron-up\"><\/i><\/span>\r\n                            <span class=\"accordion-icon-inactive accordion-minus\"><i class=\"fa fa-chevron-down\"><\/i><\/span>\r\n                        <\/span>\r\n                        <span id=\"header-text-1499358497630\" class=\"accordions-head-title\">Visi\u00f3n<\/span>\r\n                                        <\/div>\r\n                <div class=\"accordion-content content1499358497630 \">\r\n                    <p>Ser el actor referente que impulse las iniciativas para el desarrollo del Sector Metalmec\u00e1nico y Metal\u00fargico a trav\u00e9s de acciones que permitan dar soluci\u00f3n a las necesidades de sus miembros.<\/p>\n                <\/div>\r\n                    <\/div>\r\n    <script>\r\n        jQuery(document).ready(function($){accordions_active_index_65 = [];        })\r\n    <\/script><script type=\"application\/ld+json\">\r\n{\r\n    \"@context\": \"https:\/\/schema.org\",\r\n    \"@type\": \"FAQPage\",\r\n    \"mainEntity\": [{\r\n        \"@type\": \"Question\",\r\n        \"name\": \"Misi\u00f3n\",\r\n        \"acceptedAnswer\":{\r\n            \"@type\": \"Answer\",\r\n            \"text\": \"Impulsar el desarrollo y competitividad del sector mediante soluciones que permitan:\r\n\r\n \tEl Mejoramiento de la Calidad\r\n \tLa representatividad de sus miembros\r\n \tPromover la capacitaci\u00f3n especializada\r\n \tApoyar el acceso al Financiamiento\r\n \tFacilitar la informaci\u00f3n y comunicaci\u00f3n\r\n \tPromover el encadenamiento empresarial\"\r\n            }\r\n        },{\r\n        \"@type\": \"Question\",\r\n        \"name\": \"Visi\u00f3n\",\r\n        \"acceptedAnswer\":{\r\n            \"@type\": \"Answer\",\r\n            \"text\": \"Ser el actor referente que impulse las iniciativas para el desarrollo del Sector Metalmec\u00e1nico y Metal\u00fargico a trav\u00e9s de acciones que permitan dar soluci\u00f3n a las necesidades de sus miembros.\"\r\n            }\r\n        }]\r\n}\r\n<\/script>    <script>\r\n        jQuery(document).ready(function($){\r\n            accordion_65  = $(\"#accordions-65 .items\").accordion({\r\n                event: \"click\",\r\n                collapsible:true,\r\n                heightStyle: \"content\",\r\n                animate: (\"swing\", 1000),\r\n                navigation: true,\r\n                active: 999,\r\n                            });\r\n        })\r\n    <\/script>\r\n                <\/div>\n<\/div>\n\t\t<\/div><\/div><\/div><\/div><\/div><\/div>","protected":false},"excerpt":{"rendered":"<p>Puesto Nombre Tel\u00e9fonos Empresa Correo Electr\u00f3nico Presidente Manfred Pazos 2204-7356 METALCO wendy.montero@bekaert.com Vicepresidente David C\u00e9spedes 8841-5427 RECTIFICACI\u00d3N ALAJUELENSE dcespedes@rectificacionalajuelense.com Tesorero Diego Valerio 2205-8900 ARCELORMITTAL diego.valerio@arcelormittal.com Secretario Antonio Tous 2296-9560 \/ 8385-3817 CENSOLSA atous@censolsa.com Fiscal Keyth Rojas 2256-1784 \/ 8328-4579 COPRE LTDA keyth.rojas@copre.co.cr<\/p>\n","protected":false},"author":1,"featured_media":0,"parent":0,"menu_order":0,"comment_status":"closed","ping_status":"closed","template":"","meta":[],"_links":{"self":[{"href":"http:\/\/www.asometal.com\/aso\/wp-json\/wp\/v2\/pages\/57"}],"collection":[{"href":"http:\/\/www.asometal.com\/aso\/wp-json\/wp\/v2\/pages"}],"about":[{"href":"http:\/\/www.asometal.com\/aso\/wp-json\/wp\/v2\/types\/page"}],"author":[{"embeddable":true,"href":"http:\/\/www.asometal.com\/aso\/wp-json\/wp\/v2\/users\/1"}],"replies":[{"embeddable":true,"href":"http:\/\/www.asometal.com\/aso\/wp-json\/wp\/v2\/comments?post=57"}],"version-history":[{"count":20,"href":"http:\/\/www.asometal.com\/aso\/wp-json\/wp\/v2\/pages\/57\/revisions"}],"predecessor-version":[{"id":578,"href":"http:\/\/www.asometal.com\/aso\/wp-json\/wp\/v2\/pages\/57\/revisions\/578"}],"wp:attachment":[{"href":"http:\/\/www.asometal.com\/aso\/wp-json\/wp\/v2\/media?parent=57"}],"curies":[{"name":"wp","href":"https:\/\/api.w.org\/{rel}","templated":true}]}}